{"id":2,"date":"2018-02-26T18:21:56","date_gmt":"2018-02-26T17:21:56","guid":{"rendered":"https:\/\/www.milhausdevils.net\/?page_id=2"},"modified":"2023-10-26T17:11:54","modified_gmt":"2023-10-26T15:11:54","slug":"uvod","status":"publish","type":"page","link":"https:\/\/www.milhausdevils.net\/","title":{"rendered":"\u00favod"},"content":{"rendered":"<p><img loading=\"lazy\" decoding=\"async\" class=\"size-full wp-image-64\" src=\"https:\/\/www.milhausdevils.net\/wp-content\/uploads\/2018\/02\/milhaus_flames.jpg\" alt=\"\" width=\"600\" height=\"218\" srcset=\"https:\/\/www.milhausdevils.net\/wp-content\/uploads\/2018\/02\/milhaus_flames.jpg 600w, https:\/\/www.milhausdevils.net\/wp-content\/uploads\/2018\/02\/milhaus_flames-300x109.jpg 300w\" sizes=\"auto, (max-width: 600px) 100vw, 600px\" \/><\/p>\n<form id=\"aspnetForm\" action=\"http:\/\/www.softmail.cz\/sme.aspx\" method=\"post\" name=\"aspnetForm\">\n<div id=\"all\">\n<div id=\"allContent\">\n<div id=\"leftCenter\">\n<div id=\"center\">\n<div id=\"centerContent\">\n<div>\n<p align=\"center\"><span style=\"font-size: x-small;\">Vesel\u00e9 informace o zaj\u00edmav\u00e9 parti\u010dce b\u00fdval\u00fdch spolu\u017e\u00e1k\u016f, kamar\u00e1d\u016f a dal\u0161\u00edch, kte\u0159\u00ed to spolu t\u00e1hnou \u017eivotem u\u017e skoro&nbsp; 40&nbsp; let.<br \/>\nTyto str\u00e1nky p\u016fvodn\u011b vznikly, jako str\u00e1nky t\u00fdmu, hraj\u00edc\u00ed Milevskou ligu v mal\u00e9m fotbale, v\u00edce na webu ML, viz obr.<br \/>\n<\/span><\/p>\n<p><a href=\"http:\/\/www.milhausdevils.net\"><img loading=\"lazy\" decoding=\"async\" class=\"aligncenter wp-image-69\" src=\"https:\/\/www.milhausdevils.net\/wp-content\/uploads\/2018\/02\/ml.gif\" alt=\"str\u00e1nky Milevsk\u00e9 ligy v mal\u00e9m fotbale\" width=\"242\" height=\"44\"><\/a><\/p>\n<p><a href=\"http:\/\/www.milhausdevils.net\/wp-content\/CYKLOPARTA\/index.html\"><img loading=\"lazy\" decoding=\"async\" class=\"aligncenter wp-image-69\" src=\"https:\/\/www.milhausdevils.net\/wp-content\/bike_small.jpg\" alt=\"str\u00e1nky cykloparty\" width=\"100\" height=\"100\"><\/a><\/p>\n<p><a href=\"http:\/\/www.milhausdevils.net\/wp-content\/ZAKLADKA\/index.html\"><img loading=\"lazy\" decoding=\"async\" class=\"aligncenter wp-image-69\" src=\"https:\/\/www.milhausdevils.net\/wp-content\/school.jpg\" alt=\"str\u00e1nky cykloparty\" width=\"100\" height=\"100\"><\/a><\/p>\n<\/div>\n<\/div>\n<\/form>\n","protected":false},"excerpt":{"rendered":"<p>Vesel\u00e9 informace o zaj\u00edmav\u00e9 parti\u010dce b\u00fdval\u00fdch spolu\u017e\u00e1k\u016f, kamar\u00e1d\u016f a dal\u0161\u00edch, kte\u0159\u00ed to spolu t\u00e1hnou \u017eivotem u\u017e skoro&nbsp; 40&nbsp; let. Tyto str\u00e1nky p\u016fvodn\u011b vznikly, jako str\u00e1nky t\u00fdmu, hraj\u00edc\u00ed Milevskou ligu v mal\u00e9m fotbale, v\u00edce na webu ML, viz obr.<\/p>\n","protected":false},"author":1,"featured_media":0,"parent":0,"menu_order":0,"comment_status":"closed","ping_status":"closed","template":"","meta":{"ngg_post_thumbnail":0,"footnotes":""},"class_list":["post-2","page","type-page","status-publish","hentry"],"_links":{"self":[{"href":"https:\/\/www.milhausdevils.net\/index.php\/wp-json\/wp\/v2\/pages\/2","targetHints":{"allow":["GET"]}}],"collection":[{"href":"https:\/\/www.milhausdevils.net\/index.php\/wp-json\/wp\/v2\/pages"}],"about":[{"href":"https:\/\/www.milhausdevils.net\/index.php\/wp-json\/wp\/v2\/types\/page"}],"author":[{"embeddable":true,"href":"https:\/\/www.milhausdevils.net\/index.php\/wp-json\/wp\/v2\/users\/1"}],"replies":[{"embeddable":true,"href":"https:\/\/www.milhausdevils.net\/index.php\/wp-json\/wp\/v2\/comments?post=2"}],"version-history":[{"count":15,"href":"https:\/\/www.milhausdevils.net\/index.php\/wp-json\/wp\/v2\/pages\/2\/revisions"}],"predecessor-version":[{"id":1630,"href":"https:\/\/www.milhausdevils.net\/index.php\/wp-json\/wp\/v2\/pages\/2\/revisions\/1630"}],"wp:attachment":[{"href":"https:\/\/www.milhausdevils.net\/index.php\/wp-json\/wp\/v2\/media?parent=2"}],"curies":[{"name":"wp","href":"https:\/\/api.w.org\/{rel}","templated":true}]}}