{"id":18,"date":"2018-02-26T21:35:24","date_gmt":"2018-02-26T20:35:24","guid":{"rendered":"https:\/\/www.milhausdevils.net\/?page_id=18"},"modified":"2023-06-29T16:04:39","modified_gmt":"2023-06-29T14:04:39","slug":"historie","status":"publish","type":"page","link":"https:\/\/www.milhausdevils.net\/index.php\/historie\/","title":{"rendered":"historie"},"content":{"rendered":"<form id=\"aspnetForm\" action=\"http:\/\/www.softmail.cz\/sme.aspx\" method=\"post\" name=\"aspnetForm\">\n<div id=\"all\">\n<div id=\"allContent\">\n<div id=\"leftCenter\">\n<div id=\"center\">\n<div id=\"centerContent\">\n<div>\n<p align=\"justify\">V\u0161e za\u010dalo je\u0161t\u011b d\u0159\u00edve, ne\u017e by si mohl v\u016fbec n\u011bkdo myslet. N\u011bkte\u0159\u00ed jsme spolu toti\u017e ji\u017e nav\u0161t\u011bvovali jesli\u010dky. Potom spole\u010dn\u00e1 t\u0159\u00edda na z\u00e1kladn\u00ed \u0161kole, I.C a\u017e VIII. C. Tam n\u00e1s ji\u017e spolu chodilo sedm.<\/p>\n<p align=\"justify\">Po z\u00e1kladn\u00ed \u0161kole jsme se jako parta nerozpadli, i kdy\u017e \u0161el ka\u017ed\u00fd na jinou \u0161kolu. P\u0159idali se dal\u0161\u00ed pa\u0159meni a za\u010dalo se chodit do hospody. Tam jsme vym\u00fd\u0161leli, co by se dalo d\u011blat v dob\u011b, kdy je je\u0161t\u011b hospoda zav\u0159en\u00e1. V\u0161ichni m\u00e1me r\u00e1di sport&nbsp; tak se p\u0159es l\u00e9to hr\u00e1l venku fotb\u00e1lek a p\u0159es zimu basket nebo florbal po t\u011blocvi\u010dn\u00e1ch a hal\u00e1ch.<\/p>\n<p align=\"justify\">No a v pam\u00e1tn\u00e9m roce 1999 byla v Milevsku vyhl\u00e1\u0161ena m\u011bstsk\u00e1 liga v mal\u00e9 kopan\u00e9. Tak jsme se p\u0159ihl\u00e1sili a hr\u00e1li cel\u00fdch 16 let. Podrobn\u00e9 informace o na\u0161em \u00fa\u010dinkov\u00e1ni v t\u00e9to sout\u011b\u017ei i jin\u00e9 zaj\u00edmav\u00e9 informace o Milevsk\u00e9 lize v mal\u00e9m fotbale naleznete na <a href=\"http:\/\/www.milevskaliga.cz\">milevskaliga.cz<\/a> nebo klikn\u011bte na tento odkaz:<\/p>\n<p><a href=\"http:\/\/www.milevskaliga.cz\"><img loading=\"lazy\" decoding=\"async\" class=\"aligncenter wp-image-69\" src=\"https:\/\/www.milhausdevils.net\/wp-content\/uploads\/2018\/02\/ml.gif\" alt=\"\" width=\"253\" height=\"46\"><\/a><\/p>\n<p align=\"justify\">V pr\u016fb\u011bhu let jsme podnikali spole\u010dn\u011b mnoho akc\u00ed. V l\u00e9t\u011b nap\u0159. sj\u00ed\u017ed\u011bn\u00ed Vltavy na lod\u00edch \u010di raftech,&nbsp; pe\u010den\u00ed selete s vypit\u00edm soudku, \u010di ping-pong turnaje. V zim\u011b spole\u010dn\u00e9 hory atd. Na t\u011bchto akc\u00edch vzniklo mnoho kr\u00e1sn\u00fdch fotek, kter\u00e9 naleznete na t\u011bchto str\u00e1nk\u00e1ch v sekci fotogalerie.<\/p>\n<p align=\"justify\">Dal\u0161\u00ed etapou \u017eivota mlad\u00fdch jinoch\u016f jsou partnerky. Z toho vypl\u00fdvaj\u00edc\u00ed svatby. Jako kamar\u00e1di jsme se tedy nevyhnuly mnoh\u00fdm lou\u010den\u00edm&nbsp; se svobodou (\u0161tando), stav\u011bn\u00ed bran pro nev\u011bsty a v\u017edy \u00fasp\u011b\u0161n\u00fdm \u0161ra\u0148k\u016fm ve svatebn\u00ed den. Op\u011bt jich je p\u00e1r zdokumentov\u00e1no ve fotogalerii.<\/p>\n<p align=\"justify\">Bohu\u017eel\/bohud\u00edk po svatb\u00e1ch p\u0159ich\u00e1zej\u00ed d\u011bti a rodinn\u00e9 povinnosti, kter\u00e9 velmi omezily spole\u010dn\u00e9 povyra\u017een\u00ed. V t\u00e9to dob\u011b se to omezilo na nepravideln\u00e9&nbsp; p\u00e1te\u010dn\u00ed posezen\u00ed u piva.<\/p>\n<p>&nbsp;<\/p>\n<\/div>\n<\/div>\n<\/div>\n<\/div>\n<\/div>\n<\/div>\n<\/form>\n","protected":false},"excerpt":{"rendered":"<p>V\u0161e za\u010dalo je\u0161t\u011b d\u0159\u00edve, ne\u017e by si mohl v\u016fbec n\u011bkdo myslet. N\u011bkte\u0159\u00ed jsme spolu toti\u017e ji\u017e nav\u0161t\u011bvovali jesli\u010dky. Potom spole\u010dn\u00e1 t\u0159\u00edda na z\u00e1kladn\u00ed \u0161kole, I.C a\u017e VIII. C. Tam n\u00e1s ji\u017e spolu chodilo sedm. Po z\u00e1kladn\u00ed \u0161kole jsme se jako &hellip; <a href=\"https:\/\/www.milhausdevils.net\/index.php\/historie\/\" class=\"more-link\"><span>Continue reading<span class=\"screen-reader-text\">historie<\/span><\/span><\/a><\/p>\n","protected":false},"author":1,"featured_media":0,"parent":0,"menu_order":0,"comment_status":"closed","ping_status":"closed","template":"","meta":{"ngg_post_thumbnail":0,"footnotes":""},"class_list":["post-18","page","type-page","status-publish","hentry"],"_links":{"self":[{"href":"https:\/\/www.milhausdevils.net\/index.php\/wp-json\/wp\/v2\/pages\/18","targetHints":{"allow":["GET"]}}],"collection":[{"href":"https:\/\/www.milhausdevils.net\/index.php\/wp-json\/wp\/v2\/pages"}],"about":[{"href":"https:\/\/www.milhausdevils.net\/index.php\/wp-json\/wp\/v2\/types\/page"}],"author":[{"embeddable":true,"href":"https:\/\/www.milhausdevils.net\/index.php\/wp-json\/wp\/v2\/users\/1"}],"replies":[{"embeddable":true,"href":"https:\/\/www.milhausdevils.net\/index.php\/wp-json\/wp\/v2\/comments?post=18"}],"version-history":[{"count":10,"href":"https:\/\/www.milhausdevils.net\/index.php\/wp-json\/wp\/v2\/pages\/18\/revisions"}],"predecessor-version":[{"id":1626,"href":"https:\/\/www.milhausdevils.net\/index.php\/wp-json\/wp\/v2\/pages\/18\/revisions\/1626"}],"wp:attachment":[{"href":"https:\/\/www.milhausdevils.net\/index.php\/wp-json\/wp\/v2\/media?parent=18"}],"curies":[{"name":"wp","href":"https:\/\/api.w.org\/{rel}","templated":true}]}}